{"id":4682,"date":"2021-03-29T16:56:52","date_gmt":"2021-03-29T19:56:52","guid":{"rendered":"https:\/\/rodolphoalmeida.dev.br\/cebrare\/?page_id=4682"},"modified":"2023-02-26T00:55:41","modified_gmt":"2023-02-26T03:55:41","slug":"formacoes-cebrare","status":"publish","type":"page","link":"https:\/\/rodolphoalmeida.dev.br\/cebrare\/formacoes-cebrare\/","title":{"rendered":"Forma\u00e7\u00f5es"},"content":{"rendered":"<p>[et_pb_section fb_built=&#8221;1&#8243; admin_label=&#8221;section&#8221; _builder_version=&#8221;4.20.0&#8243; custom_padding=&#8221;||5px|||&#8221; global_colors_info=&#8221;{}&#8221;][et_pb_row _builder_version=&#8221;4.20.0&#8243; _module_preset=&#8221;default&#8221; background_image=&#8221;https:\/\/rodolphoalmeida.dev.br\/cebrare\/wp-content\/uploads\/2023\/02\/4-1.jpg&#8221; min_height=&#8221;96.1px&#8221; custom_margin=&#8221;|auto|0px|auto||&#8221; global_colors_info=&#8221;{}&#8221;][et_pb_column type=&#8221;4_4&#8243; _builder_version=&#8221;4.20.0&#8243; _module_preset=&#8221;default&#8221; global_colors_info=&#8221;{}&#8221;][et_pb_text _builder_version=&#8221;4.20.0&#8243; _module_preset=&#8221;default&#8221; text_font_size=&#8221;16px&#8221; background_color=&#8221;#FFFFFF&#8221; text_orientation=&#8221;center&#8221; width=&#8221;68.7%&#8221; max_width=&#8221;100%&#8221; module_alignment=&#8221;center&#8221; min_height=&#8221;75px&#8221; height=&#8221;100px&#8221; max_height=&#8221;1000px&#8221; custom_margin=&#8221;0px||||false|false&#8221; custom_padding=&#8221;||104px|||&#8221; filter_opacity=&#8221;85%&#8221; text_orientation_tablet=&#8221;center&#8221; text_orientation_phone=&#8221;center&#8221; text_orientation_last_edited=&#8221;on|desktop&#8221; module_alignment_tablet=&#8221;center&#8221; module_alignment_phone=&#8221;center&#8221; module_alignment_last_edited=&#8221;on|phone&#8221; border_style_all=&#8221;none&#8221; inline_fonts=&#8221;Arial&#8221; global_colors_info=&#8221;{}&#8221;]<\/p>\n<h1 style=\"text-align: center;\"><span style=\"color: #28a499; font-family: Arial; font-weight: normal;\"><span style=\"font-size: xx-large;\"><\/span><\/span><\/h1>\n<h1 style=\"text-align: center;\"><span style=\"color: #28a499; font-family: Arial; font-weight: normal;\"><span style=\"font-size: xx-large;\"><\/span><\/span><\/h1>\n<h1 style=\"text-align: center;\"><span style=\"color: #28a499; font-family: Arial; font-weight: normal;\"><span style=\"font-size: xx-large;\">NOSSOS SERVI\u00c7OS<\/span><\/span><\/h1>\n<p>[\/et_pb_text][\/et_pb_column][\/et_pb_row][\/et_pb_section][et_pb_section fb_built=&#8221;1&#8243; admin_label=&#8221;section&#8221; _builder_version=&#8221;4.20.0&#8243; min_height=&#8221;671.3px&#8221; global_colors_info=&#8221;{}&#8221;][et_pb_row admin_label=&#8221;row&#8221; _builder_version=&#8221;4.20.0&#8243; background_size=&#8221;initial&#8221; background_position=&#8221;top_left&#8221; background_repeat=&#8221;repeat&#8221; min_height=&#8221;288.1px&#8221; custom_margin=&#8221;-43px|auto||auto||&#8221; global_colors_info=&#8221;{}&#8221;][et_pb_column type=&#8221;4_4&#8243; _builder_version=&#8221;4.16&#8243; custom_padding=&#8221;|||&#8221; global_colors_info=&#8221;{}&#8221; custom_padding__hover=&#8221;|||&#8221;][et_pb_text admin_label=&#8221;Text&#8221; _builder_version=&#8221;4.16&#8243; background_size=&#8221;initial&#8221; background_position=&#8221;top_left&#8221; background_repeat=&#8221;repeat&#8221; global_colors_info=&#8221;{}&#8221;]<\/p>\n<h3><span style=\"color: #e88037;\">Oportunidades Cebrare\u00ae<\/span><\/h3>\n<p>O Cebrare\u00ae disponibiliza atendimentos presenciais em Reflexologia Cl\u00ednica\u00ae diretamente ao p\u00fablico em sala\/consult\u00f3rio localizado em Vit\u00f3ria\/ES. Mas, nosso objetivo maior \u00e9 a expans\u00e3o da Reflexologia Cl\u00ednica\u00ae atrav\u00e9s da forma\u00e7\u00e3o de profissionais qualificados, seja para atendimento como aut\u00f4nomos ou em cl\u00ednicas que atendem com medicina integrativa.<\/p>\n<p>O Curso Intensivo de Reflexologia Cl\u00ednica\u00ae \u00e9 uma FORMA\u00c7\u00c3O PROFISSIONAL de\u00a0<strong><u>exclusividade CEBRARE\u00ae na Am\u00e9rica Latina,<\/u> <\/strong>tanto por seu conte\u00fado espec\u00edfico e direcionado, como por sua metodologia, objetiva, din\u00e2mica e singular.\u00a0Nosso processo de Forma\u00e7\u00e3o Profissional em Reflexologia Cl\u00ednica\u00ae est\u00e1 dispon\u00edvel em 2 formatos para p\u00fablicos espec\u00edficos: para empresas e institui\u00e7\u00f5es da \u00e1rea sa\u00fade e para pessoas que desejam tornar-se profissionais de medicina natural integrativa.<\/p>\n<p>A <strong>Forma\u00e7\u00e3o Profissional em Reflexologia Cl\u00ednica\u00ae<\/strong>, voltada para o p\u00fablico em geral, \u00e9 estruturado em uma metodologia exclusiva de aprendizagem profissional, com uma din\u00e2mica imersiva e inovadora, e destinado \u00e0queles que desejam atuar na \u00e1rea da Sa\u00fade.\u00a0O objetivo desse formato de ensino \u00e9 garantir ao profissional um n\u00edvel de habilidade t\u00e9cnica diferenciado onde, poder\u00e1 participar, depois de atendidos os requisitos, do <strong>Selo de Qualidade Profissional<\/strong> CEBRARE\u00ae, podendo assim ser um profissional recomendado diretamente em nosso site.<\/p>\n<p>No formato empresarial, a Forma\u00e7\u00e3o Profissional tem o seu conte\u00fado voltado especificamente ao uso nessas institui\u00e7\u00f5es, obedecendo a uma programa\u00e7\u00e3o espec\u00edfica de ensino.<\/p>\n<p>[\/et_pb_text][\/et_pb_column][\/et_pb_row][et_pb_row column_structure=&#8221;1_2,1_2&#8243; admin_label=&#8221;row&#8221; _builder_version=&#8221;4.20.0&#8243; background_size=&#8221;initial&#8221; background_position=&#8221;top_left&#8221; background_repeat=&#8221;repeat&#8221; min_height=&#8221;381.1px&#8221; custom_margin=&#8221;-20px|auto||auto||&#8221; global_colors_info=&#8221;{}&#8221;][et_pb_column type=&#8221;1_2&#8243; _builder_version=&#8221;4.16&#8243; custom_padding=&#8221;|||&#8221; global_colors_info=&#8221;{}&#8221; custom_padding__hover=&#8221;|||&#8221;][et_pb_text _builder_version=&#8221;4.20.0&#8243; _module_preset=&#8221;default&#8221; global_colors_info=&#8221;{}&#8221;]<\/p>\n<h3><span style=\"color: #e88037;\">Divulgando a Reflexologia Cl\u00ednica\u00ae<\/span><\/h3>\n<p>Al\u00e9m destes processos de forma\u00e7\u00e3o, tamb\u00e9m disponibilizamos:<\/p>\n<ul>\n<li>Programas de evolu\u00e7\u00e3o e Mentoria para profissionais formados em Reflexologia Cl\u00ednica\u00ae<\/li>\n<li>Ebook Especial, para a pr\u00e1tica em casa, do mapa da Reflexologia e com instru\u00e7\u00f5es de uso para o al\u00edvio de mais de 30 dores do cotidiano, em sua fam\u00edlia.<\/li>\n<li>E-books espec\u00edficos, para uso familiar ou pessoal destinados a serem usados para <span style=\"text-decoration: underline;\"><em>agregar no tratamento de doen\u00e7as cr\u00f4nicas<\/em><\/span> como diabetes, ansiedade, depress\u00e3o, dores da Terceira Idade, etc., proporcionando assim a Reflexologia Cl\u00ednica\u00ae uma ferramenta para al\u00edvio das dores do cotidiano e melhorar sua qualidade de vida.<\/li>\n<\/ul>\n<p>Estes Ebooks n\u00e3o substituem o Reflexologista Cl\u00ednico que far\u00e1 um tratamento voltado \u00e0 raiz do seu quadro cl\u00ednico. Por\u00e9m, considerando a escassez de profissionais e a dificuldade de acesso a eles, os Ebooks espec\u00edficos visam trazer uma melhor qualidade de vida e transforma\u00e7\u00e3o ajudando na redu\u00e7\u00e3o dos sintomas e efeitos da doen\u00e7a, conforme o Ebook adquirido.<\/p>\n<p>[\/et_pb_text][\/et_pb_column][et_pb_column type=&#8221;1_2&#8243; _builder_version=&#8221;4.16&#8243; custom_padding=&#8221;|||&#8221; global_colors_info=&#8221;{}&#8221; custom_padding__hover=&#8221;|||&#8221;][et_pb_divider _builder_version=&#8221;4.20.0&#8243; _module_preset=&#8221;default&#8221; global_colors_info=&#8221;{}&#8221;][\/et_pb_divider][et_pb_gallery gallery_ids=&#8221;3487,3486,3485,3484,3483,3479,3480,3481,3955&#8243; fullwidth=&#8221;on&#8221; _builder_version=&#8221;4.20.0&#8243; _module_preset=&#8221;default&#8221; auto=&#8221;on&#8221; auto_speed=&#8221;5000&#8243; global_colors_info=&#8221;{}&#8221;][\/et_pb_gallery][et_pb_divider _builder_version=&#8221;4.20.0&#8243; _module_preset=&#8221;default&#8221; global_colors_info=&#8221;{}&#8221;][\/et_pb_divider][\/et_pb_column][\/et_pb_row][et_pb_row column_structure=&#8221;1_3,1_3,1_3&#8243; _builder_version=&#8221;4.16&#8243; _module_preset=&#8221;default&#8221; global_colors_info=&#8221;{}&#8221;][et_pb_column type=&#8221;1_3&#8243; _builder_version=&#8221;4.16&#8243; _module_preset=&#8221;default&#8221; global_colors_info=&#8221;{}&#8221;][et_pb_button button_url=&#8221;https:\/\/ebook.cebrare.com.br&#8221; button_text=&#8221;Loja de E-books&#8221; button_alignment=&#8221;center&#8221; _builder_version=&#8221;4.16&#8243; _module_preset=&#8221;default&#8221; custom_button=&#8221;on&#8221; button_text_color=&#8221;#FFFFFF&#8221; button_bg_color=&#8221;#dd6300&#8243; button_border_width=&#8221;0px&#8221; button_border_color=&#8221;#E0A31F&#8221; button_icon=&#8221;&#x39;||divi||400&#8243; button_icon_color=&#8221;#ffffff&#8221; custom_margin=&#8221;0px||0px||true|false&#8221; custom_padding=&#8221;5px|10px|5px|10px|false|false&#8221; animation_style=&#8221;fade&#8221; box_shadow_style=&#8221;preset6&#8243; box_shadow_blur=&#8221;21px&#8221; global_colors_info=&#8221;{}&#8221;][\/et_pb_button][\/et_pb_column][et_pb_column type=&#8221;1_3&#8243; _builder_version=&#8221;4.16&#8243; _module_preset=&#8221;default&#8221; global_colors_info=&#8221;{}&#8221;][et_pb_button button_text=&#8221;Ebook Especial&#8221; button_alignment=&#8221;center&#8221; _builder_version=&#8221;4.20.0&#8243; _module_preset=&#8221;default&#8221; custom_button=&#8221;on&#8221; button_text_color=&#8221;#FFFFFF&#8221; button_bg_color=&#8221;#dd6300&#8243; button_border_width=&#8221;0px&#8221; button_border_color=&#8221;#E0A31F&#8221; button_icon=&#8221;&#x39;||divi||400&#8243; button_icon_color=&#8221;#ffffff&#8221; custom_margin=&#8221;0px||0px||true|false&#8221; custom_padding=&#8221;5px|10px|5px|10px|false|false&#8221; animation_style=&#8221;fade&#8221; box_shadow_style=&#8221;preset6&#8243; box_shadow_blur=&#8221;21px&#8221; global_colors_info=&#8221;{}&#8221;][\/et_pb_button][\/et_pb_column][et_pb_column type=&#8221;1_3&#8243; _builder_version=&#8221;4.16&#8243; _module_preset=&#8221;default&#8221; global_colors_info=&#8221;{}&#8221;][et_pb_button button_url=&#8221;https:\/\/rodolphoalmeida.dev.br\/cebrare\/intensivo&#8221; button_text=&#8221;Curso Forma\u00e7\u00e3o&#8221; button_alignment=&#8221;center&#8221; _builder_version=&#8221;4.20.0&#8243; _module_preset=&#8221;default&#8221; custom_button=&#8221;on&#8221; button_text_color=&#8221;#FFFFFF&#8221; button_bg_color=&#8221;#dd6300&#8243; button_border_width=&#8221;0px&#8221; button_border_color=&#8221;#E0A31F&#8221; button_icon=&#8221;&#x39;||divi||400&#8243; button_icon_color=&#8221;#ffffff&#8221; custom_margin=&#8221;0px||0px||true|false&#8221; custom_padding=&#8221;5px|10px|5px|10px|false|false&#8221; animation_style=&#8221;fade&#8221; box_shadow_style=&#8221;preset6&#8243; box_shadow_blur=&#8221;21px&#8221; global_colors_info=&#8221;{}&#8221;][\/et_pb_button][\/et_pb_column][\/et_pb_row][\/et_pb_section]<\/p>\n","protected":false},"excerpt":{"rendered":"<p>NOSSOS SERVI\u00c7OSOportunidades Cebrare\u00ae O Cebrare\u00ae disponibiliza atendimentos presenciais em Reflexologia Cl\u00ednica\u00ae diretamente ao p\u00fablico em sala\/consult\u00f3rio localizado em Vit\u00f3ria\/ES. Mas, nosso objetivo maior \u00e9 a expans\u00e3o da Reflexologia Cl\u00ednica\u00ae atrav\u00e9s da forma\u00e7\u00e3o de profissionais qualificados, seja para atendimento como aut\u00f4nomos ou em cl\u00ednicas que atendem com medicina integrativa. O Curso Intensivo de Reflexologia Cl\u00ednica\u00ae \u00e9 [&hellip;]<\/p>\n","protected":false},"author":64,"featured_media":0,"parent":0,"menu_order":0,"comment_status":"closed","ping_status":"closed","template":"","meta":{"_et_pb_use_builder":"on","_et_pb_old_content":"<!-- wp:divi\/placeholder \/-->","_et_gb_content_width":"","footnotes":""},"class_list":["post-4682","page","type-page","status-publish","hentry"],"_hostinger_reach_plugin_has_subscription_block":false,"_hostinger_reach_plugin_is_elementor":false,"_links":{"self":[{"href":"https:\/\/rodolphoalmeida.dev.br\/cebrare\/wp-json\/wp\/v2\/pages\/4682","targetHints":{"allow":["GET"]}}],"collection":[{"href":"https:\/\/rodolphoalmeida.dev.br\/cebrare\/wp-json\/wp\/v2\/pages"}],"about":[{"href":"https:\/\/rodolphoalmeida.dev.br\/cebrare\/wp-json\/wp\/v2\/types\/page"}],"author":[{"embeddable":true,"href":"https:\/\/rodolphoalmeida.dev.br\/cebrare\/wp-json\/wp\/v2\/users\/64"}],"replies":[{"embeddable":true,"href":"https:\/\/rodolphoalmeida.dev.br\/cebrare\/wp-json\/wp\/v2\/comments?post=4682"}],"version-history":[{"count":5,"href":"https:\/\/rodolphoalmeida.dev.br\/cebrare\/wp-json\/wp\/v2\/pages\/4682\/revisions"}],"predecessor-version":[{"id":5185,"href":"https:\/\/rodolphoalmeida.dev.br\/cebrare\/wp-json\/wp\/v2\/pages\/4682\/revisions\/5185"}],"wp:attachment":[{"href":"https:\/\/rodolphoalmeida.dev.br\/cebrare\/wp-json\/wp\/v2\/media?parent=4682"}],"curies":[{"name":"wp","href":"https:\/\/api.w.org\/{rel}","templated":true}]}}