{"id":11,"date":"2018-04-07T17:11:34","date_gmt":"2018-04-07T20:11:34","guid":{"rendered":"https:\/\/rodolphoalmeida.dev.br\/cebrare\/?page_id=11"},"modified":"2025-07-27T18:41:05","modified_gmt":"2025-07-27T21:41:05","slug":"quem-somos","status":"publish","type":"page","link":"https:\/\/rodolphoalmeida.dev.br\/cebrare\/quem-somos\/","title":{"rendered":"QUEM SOMOS"},"content":{"rendered":"<p>[et_pb_section fb_built=&#8221;1&#8243; admin_label=&#8221;section&#8221; _builder_version=&#8221;4.20.0&#8243; global_colors_info=&#8221;{}&#8221;][et_pb_row admin_label=&#8221;row&#8221; _builder_version=&#8221;4.20.0&#8243; background_image=&#8221;https:\/\/rodolphoalmeida.dev.br\/cebrare\/wp-content\/uploads\/2023\/02\/Cidade-de-Vitoria-1.jpg&#8221; parallax=&#8221;on&#8221; width=&#8221;100%&#8221; max_width=&#8221;2560px&#8221; min_height=&#8221;340px&#8221; global_colors_info=&#8221;{}&#8221;][et_pb_column type=&#8221;4_4&#8243; _builder_version=&#8221;4.16&#8243; custom_padding=&#8221;|||&#8221; global_colors_info=&#8221;{}&#8221; custom_padding__hover=&#8221;|||&#8221;][\/et_pb_column][\/et_pb_row][et_pb_row admin_label=&#8221;row&#8221; _builder_version=&#8221;4.20.0&#8243; background_size=&#8221;initial&#8221; background_position=&#8221;top_left&#8221; background_repeat=&#8221;repeat&#8221; global_colors_info=&#8221;{}&#8221;][et_pb_column type=&#8221;4_4&#8243; _builder_version=&#8221;4.16&#8243; custom_padding=&#8221;|||&#8221; global_colors_info=&#8221;{}&#8221; custom_padding__hover=&#8221;|||&#8221;][et_pb_text admin_label=&#8221;Text&#8221; _builder_version=&#8221;4.20.0&#8243; background_size=&#8221;initial&#8221; background_position=&#8221;top_left&#8221; background_repeat=&#8221;repeat&#8221; global_colors_info=&#8221;{}&#8221;]<\/p>\n<h3><span style=\"font-size: x-large;\"><span style=\"color: #000000;\">CEBRARE\u00ae E A REFLEXOLOGIA CL\u00cdNICA\u00ae<\/span><\/span><\/h3>\n<p>Uma empresa inovadora na \u00e1rea da Sa\u00fade Integrativa, focada em se tornar uma diferencia\u00e7\u00e3o na promo\u00e7\u00e3o da sa\u00fade e qualidade de vida, seja atrav\u00e9s de seus servi\u00e7os de atendimento a pessoas f\u00edsicas, seja atrav\u00e9s de programas de forma\u00e7\u00e3o profissional em Reflexologia Cl\u00ednica\u00ae no \u00e2mbito privado ou corporativo.<\/p>\n<p>O CEBRARE\u00ae, uma empresa capixaba, <em><u>\u00e9 a \u00fanica no Brasil<\/u><\/em> a <strong>ensinar, exercer e disponibilizar<\/strong> o atendimento com REFLEXOLOGIA CL\u00cdNICA\u00ae.<\/p>\n<p>Temos uma metodologia exclusiva, inovadora e \u00fanica de ensino, conte\u00fado e aplica\u00e7\u00e3o, direcionada ao tratamento cl\u00ednico integrativo, atendendo assim \u00e0 necessidade din\u00e2mica de profissionais qualificados para uso da Reflexologia Cl\u00ednica\u00ae.<\/p>\n<p>Especialmente para as institui\u00e7\u00f5es de sa\u00fade que buscam inova\u00e7\u00e3o, diferencia\u00e7\u00e3o na oferta de seus servi\u00e7os e um modelo de t\u00e9cnica de sa\u00fade integrativa humanizada, o CEBRARE\u00ae desenvolveu programas espec\u00edficos que atendem a essa necessidade.<\/p>\n<p>Com uma vis\u00e3o empreendedora e conectada com o desenvolvimento e uso da Reflexologia a n\u00edvel mundial, estamos em constante em evolu\u00e7\u00e3o profissional e t\u00e9cnica.<\/p>\n<p>&nbsp;<\/p>\n<p>[\/et_pb_text][\/et_pb_column][\/et_pb_row][et_pb_row column_structure=&#8221;1_2,1_2&#8243; admin_label=&#8221;row&#8221; _builder_version=&#8221;4.20.0&#8243; background_size=&#8221;initial&#8221; background_position=&#8221;top_left&#8221; background_repeat=&#8221;repeat&#8221; min_height=&#8221;837.1px&#8221; global_colors_info=&#8221;{}&#8221;][et_pb_column type=&#8221;1_2&#8243; _builder_version=&#8221;4.16&#8243; custom_padding=&#8221;|||&#8221; global_colors_info=&#8221;{}&#8221; custom_padding__hover=&#8221;|||&#8221;][et_pb_divider _builder_version=&#8221;4.20.0&#8243; _module_preset=&#8221;default&#8221; global_colors_info=&#8221;{}&#8221;][\/et_pb_divider][et_pb_image src=&#8221;https:\/\/rodolphoalmeida.dev.br\/cebrare\/wp-content\/uploads\/2023\/02\/WhatsApp-Image-2021-01-13-at-08.18.41.jpeg&#8221; title_text=&#8221;WhatsApp Image 2021-01-13 at 08.18.41&#8243; _builder_version=&#8221;4.20.0&#8243; _module_preset=&#8221;default&#8221; max_height=&#8221;660px&#8221; custom_padding=&#8221;||||false|false&#8221; global_colors_info=&#8221;{}&#8221;][\/et_pb_image][et_pb_divider _builder_version=&#8221;4.20.0&#8243; _module_preset=&#8221;default&#8221; global_colors_info=&#8221;{}&#8221;][\/et_pb_divider][\/et_pb_column][et_pb_column type=&#8221;1_2&#8243; _builder_version=&#8221;4.16&#8243; custom_padding=&#8221;|||&#8221; global_colors_info=&#8221;{}&#8221; custom_padding__hover=&#8221;|||&#8221;][et_pb_text admin_label=&#8221;Text&#8221; _builder_version=&#8221;4.16&#8243; background_size=&#8221;initial&#8221; background_position=&#8221;top_left&#8221; background_repeat=&#8221;repeat&#8221; global_colors_info=&#8221;{}&#8221;]<\/p>\n<h2>NOSSA HIST\u00d3RIA<\/h2>\n<p><em>\u201cComo seria se a Reflexologia fosse direcionada clinicamente, focada em trabalhar cada doen\u00e7a o mais objetivamente poss\u00edvel?\u201d<\/em> Essa foi a pergunta que nos moveu \u00e0 evolu\u00e7\u00e3o profissional.<\/p>\n<p>Nossa hist\u00f3ria iniciou-se em 2008 quando Josi Garcia iniciou seus estudos em Reflexologia podal. Embora a Reflexologia podal fosse desconhecida no ES, com os resultados obtidos em seus clientes, gradualmente foi aumentando a procura pela t\u00e9cnica. Com isso, come\u00e7aram a surgir clientes com problemas de sa\u00fade mais graves e, com isso, a necessidade de aprofundar o conhecimento a fim de ajud\u00e1-los.<\/p>\n<p>Diante desse desafio, percebemos que havia a necessidade de buscar algo que fosse cada vez mais eficiente clinicamente. E veio aquela pergunta que nos impulsionou \u00e0 diferencia\u00e7\u00e3o: <em>Se a Reflexologia podal j\u00e1 traz bons benef\u00edcios \u00e0 sa\u00fade, como seria se ela fosse direcionada e aprofundada clinicamente?<\/em><\/p>\n<p>A partir da\u00ed, come\u00e7amos uma caminhada que levou cerca de 8 anos de um estudo aprofundado da reflexologia podal, junto com outros conhecimentos de diversas \u00e1reas da sa\u00fade integrativa, nos conectando com o que havia de pesquisas em andamento em v\u00e1rios pa\u00edses, principalmente na Europa, Estados Unidos, Canad\u00e1 e regi\u00e3o do Pac\u00edfico Sul.<\/p>\n<p>Acompanhamos v\u00e1rios estudos cient\u00edficos e passamos a desenvolver protocolos de atendimento espec\u00edficos. Vimos transforma\u00e7\u00f5es na sa\u00fade e na vida de dezenas de pessoas, recuperadas at\u00e9 de doen\u00e7as cr\u00f4nicas a que estavam fadadas a conviver at\u00e9 a velhice.<\/p>\n<p>E, ao fim de alguns anos de pesquisa, estudo e, principalmente, resultados expressivos em quadros cl\u00ednicos cr\u00f4nicos revertidos em dezenas de clientes, surgiu a REFLEXOLOGIA CL\u00cdNICA\u00ae.<\/p>\n<p>[\/et_pb_text][\/et_pb_column][\/et_pb_row][et_pb_row column_structure=&#8221;1_2,1_2&#8243; admin_label=&#8221;row&#8221; _builder_version=&#8221;4.20.0&#8243; background_size=&#8221;initial&#8221; background_position=&#8221;top_left&#8221; background_repeat=&#8221;repeat&#8221; min_height=&#8221;733px&#8221; custom_padding=&#8221;0px|||||&#8221; global_colors_info=&#8221;{}&#8221;][et_pb_column type=&#8221;1_2&#8243; _builder_version=&#8221;4.16&#8243; custom_padding=&#8221;|||&#8221; global_colors_info=&#8221;{}&#8221; custom_padding__hover=&#8221;|||&#8221;][et_pb_text admin_label=&#8221;Text&#8221; _builder_version=&#8221;4.16&#8243; background_size=&#8221;initial&#8221; background_position=&#8221;top_left&#8221; background_repeat=&#8221;repeat&#8221; global_colors_info=&#8221;{}&#8221;]<\/p>\n<h2>A REFLEXOLOGIA CL\u00cdNICA\u00ae<\/h2>\n<p>Embora ela traga da Reflexologia podal o mesmo mapa de pontos reflexos nos p\u00e9s, a Reflexologia Cl\u00ednica\u00ae \u00e9 \u00fanica, diferenciada, porque trata-se de uma <strong>metodologia espec\u00edfica de trabalho<\/strong> onde a sa\u00fade \u00e9 promovida de forma natural, tratando os dist\u00farbios na sa\u00fade desde a \u201craiz\u201d e n\u00e3o apenas aliviando os sintomas. Na Reflexologia Cl\u00ednica\u00ae, o processo de tratamento \u00e9 focado na \u201craiz\u201d da fisiopatologia, com uma vis\u00e3o mais sist\u00eamica e abrangente, onde buscamos <strong>tratar a pessoa e n\u00e3o a doen\u00e7a<\/strong>.<\/p>\n<p>Desde problemas como dores do cotidiano, dist\u00farbios do sono, dores de cabe\u00e7a ou no corpo, ou at\u00e9 doen\u00e7as cr\u00f4nicas como ansiedade, depress\u00e3o, diabetes, fibromialgia, enxaqueca, AVC, Parkinson, etc., a Reflexologia Cl\u00ednica\u00ae tem sido eficaz como tratamento integrativo e uma grande aliada na sa\u00fade preventiva.<\/p>\n<p>Tem sido excepcionalmente eficaz em todas as \u00e1reas cl\u00ednicas, visto que pode ser aplicada em qualquer pessoa, sem contraindica\u00e7\u00e3o, desde gestantes, beb\u00eas a pessoas idosas.<\/p>\n<p>Alguns benef\u00edcios incontest\u00e1veis da <strong>Reflexologia Cl\u00ednica\u00ae<\/strong> s\u00e3o:<\/p>\n<ul>\n<li>Trata a raiz dos dist\u00farbios, n\u00e3o apenas os sintomas<\/li>\n<li>Usa uma abordagem espec\u00edfica para cada doen\u00e7a<\/li>\n<li>Trata desde dist\u00farbios agudos a doen\u00e7as cr\u00f4nicas<\/li>\n<li>N\u00e3o tem contraindica\u00e7\u00e3o de idade ou efeitos colaterais<\/li>\n<li>Melhora o controle emocional e comportamental<\/li>\n<li>Reduz os gastos com medicamentos<\/li>\n<li>Aumenta a produtividade<\/li>\n<li>Melhora sua sa\u00fade e a qualidade de vida<\/li>\n<\/ul>\n<p>[\/et_pb_text][\/et_pb_column][et_pb_column type=&#8221;1_2&#8243; _builder_version=&#8221;4.16&#8243; custom_padding=&#8221;|||&#8221; global_colors_info=&#8221;{}&#8221; custom_padding__hover=&#8221;|||&#8221;][et_pb_divider show_divider=&#8221;off&#8221; _builder_version=&#8221;4.20.0&#8243; _module_preset=&#8221;default&#8221; custom_padding=&#8221;||70px|||&#8221; global_colors_info=&#8221;{}&#8221;][\/et_pb_divider][et_pb_divider _builder_version=&#8221;4.20.0&#8243; _module_preset=&#8221;default&#8221; global_colors_info=&#8221;{}&#8221;][\/et_pb_divider][et_pb_gallery gallery_ids=&#8221;5019,3076,3060,5033,5018,5034,5035&#8243; fullwidth=&#8221;on&#8221; _builder_version=&#8221;4.20.0&#8243; _module_preset=&#8221;default&#8221; width=&#8221;100%&#8221; auto=&#8221;on&#8221; auto_speed=&#8221;5000&#8243; hover_transition_duration=&#8221;550ms&#8221; hover_transition_delay=&#8221;50ms&#8221; global_colors_info=&#8221;{}&#8221;][\/et_pb_gallery][et_pb_divider _builder_version=&#8221;4.20.0&#8243; _module_preset=&#8221;default&#8221; min_height=&#8221;44px&#8221; global_colors_info=&#8221;{}&#8221;][\/et_pb_divider][\/et_pb_column][\/et_pb_row][\/et_pb_section]<\/p>\n","protected":false},"excerpt":{"rendered":"<p>CEBRARE\u00ae E A REFLEXOLOGIA CL\u00cdNICA\u00ae Uma empresa inovadora na \u00e1rea da Sa\u00fade Integrativa, focada em se tornar uma diferencia\u00e7\u00e3o na promo\u00e7\u00e3o da sa\u00fade e qualidade de vida, seja atrav\u00e9s de seus servi\u00e7os de atendimento a pessoas f\u00edsicas, seja atrav\u00e9s de programas de forma\u00e7\u00e3o profissional em Reflexologia Cl\u00ednica\u00ae no \u00e2mbito privado ou corporativo. O CEBRARE\u00ae, uma [&hellip;]<\/p>\n","protected":false},"author":1,"featured_media":0,"parent":0,"menu_order":0,"comment_status":"closed","ping_status":"closed","template":"","meta":{"_et_pb_use_builder":"on","_et_pb_old_content":"[vc_row gap=\"30\"][vc_column width=\"2\/3\"][vc_column_text]\r\n<h1>QUEM SOMOS<\/h1>\r\nO CEBRARE capacita e promove experi\u00eancias em Reflexologia em todo o territ\u00f3rio nacional por meio de cursos e eventos na \u00e1rea.\r\n\r\nA Reflexologia \u00e9 uma terapia que se baseia no princ\u00edpio da exist\u00eancia de reflexos nos p\u00e9s e m\u00e3os relacionados com todos os \u00f3rg\u00e3os, gl\u00e2ndulas e membros do corpo. Ao estimular estes reflexos, atrav\u00e9s de t\u00e9cnicas espec\u00edficas, o terapeuta de Reflexologia ir\u00e1 ajudar o corpo nos v\u00e1rios processos homeost\u00e1ticos (de equil\u00edbrio).\r\n\u200b\r\nRecomendada pela OMS (Organiza\u00e7\u00e3o Mundial da Sa\u00fade), e agora aprovada pelo Governo Brasileiro, a Reflexologia Podal (Reflexoterapia) \u00e9 uma t\u00e9cnica natural de medicina integrativa, altamente eficaz de tratamento de sa\u00fade, n\u00e3o invasiva.\r\n\u200b\r\nA Reflexologia \u00e9 uma arte curativa de origem milenar. Nos nossos dias, esta arte foi enriquecida por bases cient\u00edficas que validam e explicam os motivos fisiol\u00f3gicos de como e porqu\u00ea a Reflexologia funciona, tendo sido j\u00e1 eleita por in\u00fameros estudos cient\u00edficos como sendo a terapia com maior efic\u00e1cia na redu\u00e7\u00e3o de stress.[\/vc_column_text][\/vc_column][vc_column width=\"1\/3\"][vc_single_image image=\"39\" img_size=\"full\"][\/vc_column][\/vc_row][vc_row][vc_column][vc_raw_html]JTNDZGl2JTIwY2xhc3MlM0QlMjJjb250YWluZXIlMjBjZW50ZXIlMjBjb25oZWNhJTIyJTNFJTBBJTIwJTIwJTIwJTIwJTIwJTIwJTIwJTIwJTIwJTIwJTIwJTIwJTNDZGl2JTIwY2xhc3MlM0QlMjJyb3clMjIlM0UlMEElMjAlMjAlMjAlMjAlMjAlMjAlMjAlMjAlMjAlMjAlMjAlMjAlMjAlMjAlMjAlMjAlM0NkaXYlMjBjbGFzcyUzRCUyMmNvbC1tZC0zJTIwcGFkMiUyMiUzRSUwQSUyMCUyMCUyMCUyMCUyMCUyMCUyMCUyMCUyMCUyMCUyMCUyMCUyMCUyMCUyMCUyMCUyMCUyMCUyMCUyMCUzQ3NwYW4lMjBjbGFzcyUzRCUyMmljbyUyMGVxdWlsaWJyaW8lMjIlM0UlM0MlMkZzcGFuJTNFJTBBJTIwJTIwJTIwJTIwJTIwJTIwJTIwJTIwJTIwJTIwJTIwJTIwJTIwJTIwJTIwJTIwJTIwJTIwJTIwJTIwJTNDaDMlM0VFcXVpbCVDMyVBRGJyaW8lM0MlMkZoMyUzRSUwQSUyMCUyMCUyMCUyMCUyMCUyMCUyMCUyMCUyMCUyMCUyMCUyMCUyMCUyMCUyMCUyMCUyMCUyMCUyMCUyMCUzQ3AlM0VBdHJhdiVDMyVBOXMlMjBkZSUyMHByb2Nlc3NvcyUyMGVzcGVjJUMzJUFEZmljb3MlMkMlMjBvJTIwdGVyYXBldXRhJTIwZGUlMjBSZWZsZXhvbG9naWElMjBpciVDMyVBMSUyMGFqdWRhciUyMHJlY3VwZXJhciUyMG8lMjBlcXVpbCVDMyVBRGJyaW8lMjBkbyUyMGNvcnBvJTIwZSUyMGRhJTIwbWVudGUlM0MlMkZwJTNFJTBBJTIwJTIwJTIwJTIwJTIwJTIwJTIwJTIwJTIwJTIwJTIwJTIwJTIwJTIwJTIwJTIwJTNDJTJGZGl2JTNFJTBBJTIwJTIwJTIwJTIwJTIwJTIwJTIwJTIwJTIwJTIwJTIwJTIwJTIwJTIwJTIwJTIwJTNDZGl2JTIwY2xhc3MlM0QlMjJjb2wtbWQtMyUyMHBhZDIlMjIlM0UlMEElMjAlMjAlMjAlMjAlMjAlMjAlMjAlMjAlMjAlMjAlMjAlMjAlMjAlMjAlMjAlMjAlMjAlMjAlMjAlMjAlM0NzcGFuJTIwY2xhc3MlM0QlMjJpY28lMjB0ZXJhcGV1dGljbyUyMiUzRSUzQyUyRnNwYW4lM0UlMEElMjAlMjAlMjAlMjAlMjAlMjAlMjAlMjAlMjAlMjAlMjAlMjAlMjAlMjAlMjAlMjAlMjAlMjAlMjAlMjAlM0NoMyUzRVRlcmFwJUMzJUFBdXRpY28lM0MlMkZoMyUzRSUwQSUyMCUyMCUyMCUyMCUyMCUyMCUyMCUyMCUyMCUyMCUyMCUyMCUyMCUyMCUyMCUyMCUyMCUyMCUyMCUyMCUzQ3AlM0VFeGNlbGVudGUlMjBubyUyMHRyYXRhbWVudG8lMjBkZSUyMGNhbnNhJUMzJUE3byUyMGNyJUMzJUI0bmljbyUyQyUyMCUyMG1lbSVDMyVCM3JpYSUyMGZhbGhhJTJDJTIwZGlmaWN1bGRhZGUlMjBkZSUyMGNvbmNlbnRyYSVDMyVBNyVDMyVBM28lMkMlMjBlbnRyZSUyMG91dHJvcyUyMG1hbGVmJUMzJUFEY2lvcyUzQyUyRnAlM0UlMEElMjAlMjAlMjAlMjAlMjAlMjAlMjAlMjAlMjAlMjAlMjAlMjAlMjAlMjAlMjAlMjAlM0MlMkZkaXYlM0UlMEElMjAlMjAlMjAlMjAlMjAlMjAlMjAlMjAlMjAlMjAlMjAlMjAlMjAlMjAlMjAlMjAlM0NkaXYlMjBjbGFzcyUzRCUyMmNvbC1tZC0zJTIwcGFkMiUyMiUzRSUwQSUyMCUyMCUyMCUyMCUyMCUyMCUyMCUyMCUyMCUyMCUyMCUyMCUyMCUyMCUyMCUyMCUyMCUyMCUyMCUyMCUzQ3NwYW4lMjBjbGFzcyUzRCUyMmljbyUyMHJlY3VwZXJhY2FvJTIyJTNFJTNDJTJGc3BhbiUzRSUwQSUyMCUyMCUyMCUyMCUyMCUyMCUyMCUyMCUyMCUyMCUyMCUyMCUyMCUyMCUyMCUyMCUyMCUyMCUyMCUyMCUzQ2gzJTNFUmVjdXBlcmElQzMlQTclQzMlQTNvJTNDJTJGaDMlM0UlMEElMjAlMjAlMjAlMjAlMjAlMjAlMjAlMjAlMjAlMjAlMjAlMjAlMjAlMjAlMjAlMjAlMjAlMjAlMjAlMjAlM0NwJTNFQWNlbGVyYSUyMGElMjByZWN1cGVyYSVDMyVBNyVDMyVBM28lMjBlbSUyMGVzdGFkb3MlMjBkZSUyMGNvbnZhbGVzY2VuJUMzJUE3YSUyQyUyMGF1eGlsaWFuZG8lMjBpbmNsdXNpdmUlMjBlbSUyMGRvZW4lQzMlQTdhcyUyMGNvbW8lMjBBbHpoZWltZXIlMkMlMjBQYXJraW5zb24lMjBlJTIwQVZDJTNDJTJGcCUzRSUwQSUyMCUyMCUyMCUyMCUyMCUyMCUyMCUyMCUyMCUyMCUyMCUyMCUyMCUyMCUyMCUyMCUzQyUyRmRpdiUzRSUwQSUyMCUyMCUyMCUyMCUyMCUyMCUyMCUyMCUyMCUyMCUyMCUyMCUyMCUyMCUyMCUyMCUzQ2RpdiUyMGNsYXNzJTNEJTIyY29sLW1kLTMlMjBwYWQyJTIyJTNFJTBBJTIwJTIwJTIwJTIwJTIwJTIwJTIwJTIwJTIwJTIwJTIwJTIwJTIwJTIwJTIwJTIwJTIwJTIwJTIwJTIwJTNDc3BhbiUyMGNsYXNzJTNEJTIyaWNvJTIwbmF0dXJhbCUyMiUzRSUzQyUyRnNwYW4lM0UlMEElMjAlMjAlMjAlMjAlMjAlMjAlMjAlMjAlMjAlMjAlMjAlMjAlMjAlMjAlMjAlMjAlMjAlMjAlMjAlMjAlM0NoMyUzRSVDMyU4OSUyMG5hdHVyYWwlM0MlMkZoMyUzRSUwQSUyMCUyMCUyMCUyMCUyMCUyMCUyMCUyMCUyMCUyMCUyMCUyMCUyMCUyMCUyMCUyMCUyMCUyMCUyMCUyMCUzQ3AlM0VSZWZsZXhvdGVyYXBpYSUyMCVDMyVBOSUyMHVtYSUyMHQlQzMlQTljbmljYSUyMG5hdHVyYWwlMjBkZSUyMG1lZGljaW5hJTIwaW50ZWdyYXRpdmElMkMlMjBuJUMzJUEzbyUyMGludmFzaXZhJTJDJTIwZSUyMGVmaWNheiUyMGRlJTIwdHJhdGFtZW50byUyMGRlJTIwc2ElQzMlQkFkZSUzQyUyRnAlM0UlMEElMjAlMjAlMjAlMjAlMjAlMjAlMjAlMjAlMjAlMjAlMjAlMjAlMjAlMjAlMjAlMjAlM0MlMkZkaXYlM0UlMEElMjAlMjAlMjAlMjAlMjAlMjAlMjAlMjAlMjAlMjAlMjAlMjAlM0MlMkZkaXYlM0UlMEElMjAlMjAlMjAlMjAlMjAlMjAlMjAlMjAlM0MlMkZkaXYlM0U=[\/vc_raw_html][\/vc_column][\/vc_row][vc_row][vc_column][vc_column_text]\r\n<h1>Os benef\u00edcios da Reflexologia<\/h1>\r\nQualquer pessoa que deseja restabelecer sua sa\u00fade, seja qual for o dist\u00farbio, mas fica aqui alguns t\u00f3picos:\r\n\u200b\r\n<span style=\"color: #1cc1c4;\"><strong>Beb\u00eas e crian\u00e7as:<\/strong><\/span> pode ajudar a aliviar a tens\u00e3o p\u00f3s-parto e a adaptar-se \u00e0 sua nova vida, ajustando rapidamente a fisiologia \u00e0s mudan\u00e7as no mundo exterior. Tamb\u00e9m reduz a hiperatividade e agita\u00e7\u00e3o, bem como melhora o desenvolvimento cognitivo e motor da crian\u00e7a. Crian\u00e7as com necessidades especiais podem ser extaordinariamente ajudadas com a reflexologia.\r\n\u200b\r\n<strong><span style=\"color: #1cc1c4;\">Gr\u00e1vidas:<\/span><\/strong> auxilia em todo o per\u00edodo de gesta\u00e7\u00e3o, facilitando as in\u00fameras mudan\u00e7as hormonais, proporcionando uma gravidez agrad\u00e1vel, minimizando ou at\u00e9 evitando os incha\u00e7os, cansa\u00e7o f\u00edsico, ansiedade, altera\u00e7\u00f5es da press\u00e3o arterial, dores, etc, al\u00e9m de favorecer o parto natural, podendo ser utilizada at\u00e9 durante o trabalho de parto para estimula\u00e7\u00e3o de ocitocina.\r\n\r\n<span style=\"color: #1cc1c4;\"><strong>Idosos:<\/strong><\/span> A reflexologia atua em v\u00e1rios n\u00edveis, produzindo melhorias significativas ao n\u00edvel da circula\u00e7\u00e3o e da mobilidade. Acelera a recupera\u00e7\u00e3o em estados de convalescen\u00e7a, auxiliando inclusive em doen\u00e7as como Alzheimer, Parkinson e AVC\r\n\u200b\r\n<strong><span style=\"color: #1cc1c4;\">Pessoas com problemas espec\u00edficos ou cr\u00f4nicos:<\/span><\/strong> como exemplo podem incluir-se os efeitos ben\u00e9ficos em danos causados por um acidente; febre e falta de ar. A Reflexologia pode ajudar a reduzir uma inflama\u00e7\u00e3o, a conservar a energia e a estimular os \u00f3rg\u00e3os \u00e0 recupera\u00e7\u00e3o.\r\n\u200b\r\nDentre in\u00fameros dist\u00farbios que podem ser tratados, destacamos:\r\n<ul>\r\n \t<li>Hiperatividade ou exaust\u00e3o, cansa\u00e7o cr\u00f4nico, des\u00e2nimo constante, mem\u00f3ria falha, dificuldade de concentra\u00e7\u00e3o;<\/li>\r\n \t<li>Dores quaisquer (Fibromialgia, Enxaqueca, Sinusite, Artrite, Dorsais, Musculares, etc);<\/li>\r\n \t<li>Diabetes, Alergias, etc;<\/li>\r\n \t<li>Dist\u00farbios Hormonais, disfun\u00e7\u00f5es sexuais, impot\u00eancia, etc;<\/li>\r\n \t<li>Dificuldades para dormir ou ins\u00f4nia, estresse, depress\u00e3o, etc;<\/li>\r\n<\/ul>\r\n[\/vc_column_text][\/vc_column][\/vc_row]","_et_gb_content_width":"","footnotes":""},"class_list":["post-11","page","type-page","status-publish","hentry"],"_hostinger_reach_plugin_has_subscription_block":false,"_hostinger_reach_plugin_is_elementor":false,"_links":{"self":[{"href":"https:\/\/rodolphoalmeida.dev.br\/cebrare\/wp-json\/wp\/v2\/pages\/11","targetHints":{"allow":["GET"]}}],"collection":[{"href":"https:\/\/rodolphoalmeida.dev.br\/cebrare\/wp-json\/wp\/v2\/pages"}],"about":[{"href":"https:\/\/rodolphoalmeida.dev.br\/cebrare\/wp-json\/wp\/v2\/types\/page"}],"author":[{"embeddable":true,"href":"https:\/\/rodolphoalmeida.dev.br\/cebrare\/wp-json\/wp\/v2\/users\/1"}],"replies":[{"embeddable":true,"href":"https:\/\/rodolphoalmeida.dev.br\/cebrare\/wp-json\/wp\/v2\/comments?post=11"}],"version-history":[{"count":5,"href":"https:\/\/rodolphoalmeida.dev.br\/cebrare\/wp-json\/wp\/v2\/pages\/11\/revisions"}],"predecessor-version":[{"id":5179,"href":"https:\/\/rodolphoalmeida.dev.br\/cebrare\/wp-json\/wp\/v2\/pages\/11\/revisions\/5179"}],"wp:attachment":[{"href":"https:\/\/rodolphoalmeida.dev.br\/cebrare\/wp-json\/wp\/v2\/media?parent=11"}],"curies":[{"name":"wp","href":"https:\/\/api.w.org\/{rel}","templated":true}]}}